{"id":3,"date":"2023-06-06T13:28:49","date_gmt":"2023-06-06T11:28:49","guid":{"rendered":"http:\/\/xdigitalmarketing.pl\/?page_id=3"},"modified":"2025-05-29T14:15:19","modified_gmt":"2025-05-29T12:15:19","slug":"polityka-prywatnosci","status":"publish","type":"page","link":"https:\/\/xdigitalmarketing.pl\/index.php\/polityka-prywatnosci\/","title":{"rendered":"Polityka prywatno\u015bci"},"content":{"rendered":"\n<p>Zgodnie z&nbsp;art. 13 ust. 1 i&nbsp;2 rozporz\u0105dzenia Parlamentu Europejskiego i&nbsp;Rady (UE) 2016\/679 z&nbsp;dnia 27 kwietnia 2016 r. w&nbsp;sprawie ochrony os\u00f3b fizycznych w&nbsp;zwi\u0105zku z&nbsp;przetwarzaniem danych osobowych i&nbsp;w&nbsp;sprawie swobodnego przep\u0142ywu takich danych oraz uchylenia dyrektywy 95\/46\/WE (og\u00f3lne rozporz\u0105dzenie o&nbsp;ochronie danych, dalej: RODO) informujemy, \u017ce:<\/p>\n\n\n\n<ol>\n<li>Administratorem Pana\/Pani danych osobowych jest Xtreme Digital Marketing &#8211; Adrian J\u00f3\u017awiak z\u00a0siedzib\u0105 w\u00a0Poznaniu 60-461, Owidiusza 36\/9.<\/li>\n\n\n\n<li>W sprawach zwi\u0105zanych z&nbsp;ochron\u0105 danych osobowych mo\u017cna kontaktowa\u0107 si\u0119 z&nbsp;inspektorem ochrony danych, pisz\u0105c na adres e-mail adrian@xdigitalmarketing.pl lub adres siedziby.<\/li>\n\n\n\n<li>Pana\/Pani dane osobowe b\u0119d\u0105 przetwarzane w&nbsp;celu mo\u017cliwo\u015bci kontaktu oraz przedstawienia oferty , na podstawie&nbsp;<strong>art. 6 ust. 1 lit. a&nbsp;<\/strong><\/li>\n\n\n\n<li>Odbiorcami Pana\/Pani danych osobowych b\u0119d\u0105 nast\u0119puj\u0105ce podmioty: Xtreme Digital Marketing &#8211; Adrian J\u00f3\u017awiak, miesz\u0105cy si\u0119 na ul. Owidiusza 36\/9 w Poznaniu 60-461.<\/li>\n\n\n\n<li>Pana\/Pani dane osobowe b\u0119d\u0105 przechowywane przez okres 1 roku lub zako\u0144czenia wsp\u00f3\u0142pracy.<\/li>\n\n\n\n<li>Posiada Pan\/Pani prawo:\n<ol type=\"a\">\n<li>dost\u0119pu do swoich danych osobowych,<\/li>\n\n\n\n<li>sprostowania swoich danych osobowych,<\/li>\n\n\n\n<li>usuni\u0119cia swoich danych osobowych,<\/li>\n\n\n\n<li>ograniczenia przetwarzania swoich danych osobowych,<\/li>\n\n\n\n<li>cofni\u0119cia zgody na przetwarzanie danych osobowych<\/li>\n\n\n\n<li>przenoszenia swoich danych osobowych, g) wniesienia sprzeciwu wobec przetwarzania swoich danych osobowych z&nbsp;przyczyn zwi\u0105zanych z&nbsp;Pana\/Pani szczeg\u00f3ln\u0105 sytuacj\u0105, zgodnie z&nbsp;art. 21 RODO.<\/li>\n<\/ol>\n<\/li>\n<\/ol>\n\n\n\n<p>Niezale\u017cnie od powy\u017cszego przys\u0142uguje Panu\/Pani uprawnienie do wniesienia skargi do organu nadzorczego, tj. Prezesa Urz\u0119du Ochrony Danych Osobowych (ul. Stawki 2, 00-193 Warszawa), gdy uzna Pan\/Pani, \u017ce przetwarzanie Pana\/Pani danych osobowych narusza przepisy RODO.<\/p>\n\n\n\n<ol start=\"7\">\n<li>Podanie przez Pana\/Pani\u0105 danych osobowych jest warunkiem dobrowolnym. W&nbsp;przypadku niepodania przez Pana\/Pani\u0105 danych osobowych nie b\u0119dziemy mogli kontynuowa\u0107 wsp\u00f3\u0142pracy.<\/li>\n\n\n\n<li>Pani\/Pana dane osobowe nie b\u0119d\u0105 przekazywane poza terytorium Europejskiego Obszaru Gospodarczego\/do organizacji mi\u0119dzynarodowej.<\/li>\n<\/ol>\n\n\n\n<p><\/p>\n","protected":false},"excerpt":{"rendered":"<p>Zgodnie z&nbsp;art. 13 ust. 1 i&nbsp;2 rozporz\u0105dzenia Parlamentu Europejskiego i&nbsp;Rady (UE) 2016\/679 z&nbsp;dnia 27 kwietnia 2016 r. w&nbsp;sprawie ochrony os\u00f3b fizycznych w&nbsp;zwi\u0105zku z&nbsp;przetwarzaniem danych osobowych i&nbsp;w&nbsp;sprawie swobodnego przep\u0142ywu takich danych oraz uchylenia dyrektywy 95\/46\/WE (og\u00f3lne rozporz\u0105dzenie o&nbsp;ochronie danych, dalej: RODO) informujemy, \u017ce: Niezale\u017cnie od powy\u017cszego przys\u0142uguje Panu\/Pani uprawnienie do wniesienia skargi do organu nadzorczego, tj. [&hellip;]<\/p>\n","protected":false},"author":1,"featured_media":0,"parent":0,"menu_order":0,"comment_status":"closed","ping_status":"open","template":"","meta":{"ocean_post_layout":"","ocean_both_sidebars_style":"","ocean_both_sidebars_content_width":0,"ocean_both_sidebars_sidebars_width":0,"ocean_sidebar":"","ocean_second_sidebar":"","ocean_disable_margins":"enable","ocean_add_body_class":"","ocean_shortcode_before_top_bar":"","ocean_shortcode_after_top_bar":"","ocean_shortcode_before_header":"","ocean_shortcode_after_header":"","ocean_has_shortcode":"","ocean_shortcode_after_title":"","ocean_shortcode_before_footer_widgets":"","ocean_shortcode_after_footer_widgets":"","ocean_shortcode_before_footer_bottom":"","ocean_shortcode_after_footer_bottom":"","ocean_display_top_bar":"default","ocean_display_header":"default","ocean_header_style":"","ocean_center_header_left_menu":"","ocean_custom_header_template":"","ocean_custom_logo":0,"ocean_custom_retina_logo":0,"ocean_custom_logo_max_width":0,"ocean_custom_logo_tablet_max_width":0,"ocean_custom_logo_mobile_max_width":0,"ocean_custom_logo_max_height":0,"ocean_custom_logo_tablet_max_height":0,"ocean_custom_logo_mobile_max_height":0,"ocean_header_custom_menu":"","ocean_menu_typo_font_family":"","ocean_menu_typo_font_subset":"","ocean_menu_typo_font_size":0,"ocean_menu_typo_font_size_tablet":0,"ocean_menu_typo_font_size_mobile":0,"ocean_menu_typo_font_size_unit":"px","ocean_menu_typo_font_weight":"","ocean_menu_typo_font_weight_tablet":"","ocean_menu_typo_font_weight_mobile":"","ocean_menu_typo_transform":"","ocean_menu_typo_transform_tablet":"","ocean_menu_typo_transform_mobile":"","ocean_menu_typo_line_height":0,"ocean_menu_typo_line_height_tablet":0,"ocean_menu_typo_line_height_mobile":0,"ocean_menu_typo_line_height_unit":"","ocean_menu_typo_spacing":0,"ocean_menu_typo_spacing_tablet":0,"ocean_menu_typo_spacing_mobile":0,"ocean_menu_typo_spacing_unit":"","ocean_menu_link_color":"","ocean_menu_link_color_hover":"","ocean_menu_link_color_active":"","ocean_menu_link_background":"","ocean_menu_link_hover_background":"","ocean_menu_link_active_background":"","ocean_menu_social_links_bg":"","ocean_menu_social_hover_links_bg":"","ocean_menu_social_links_color":"","ocean_menu_social_hover_links_color":"","ocean_disable_title":"default","ocean_disable_heading":"default","ocean_post_title":"","ocean_post_subheading":"","ocean_post_title_style":"","ocean_post_title_background_color":"","ocean_post_title_background":0,"ocean_post_title_bg_image_position":"","ocean_post_title_bg_image_attachment":"","ocean_post_title_bg_image_repeat":"","ocean_post_title_bg_image_size":"","ocean_post_title_height":0,"ocean_post_title_bg_overlay":0.5,"ocean_post_title_bg_overlay_color":"","ocean_disable_breadcrumbs":"default","ocean_breadcrumbs_color":"","ocean_breadcrumbs_separator_color":"","ocean_breadcrumbs_links_color":"","ocean_breadcrumbs_links_hover_color":"","ocean_display_footer_widgets":"default","ocean_display_footer_bottom":"default","ocean_custom_footer_template":""},"_links":{"self":[{"href":"https:\/\/xdigitalmarketing.pl\/index.php\/wp-json\/wp\/v2\/pages\/3"}],"collection":[{"href":"https:\/\/xdigitalmarketing.pl\/index.php\/wp-json\/wp\/v2\/pages"}],"about":[{"href":"https:\/\/xdigitalmarketing.pl\/index.php\/wp-json\/wp\/v2\/types\/page"}],"author":[{"embeddable":true,"href":"https:\/\/xdigitalmarketing.pl\/index.php\/wp-json\/wp\/v2\/users\/1"}],"replies":[{"embeddable":true,"href":"https:\/\/xdigitalmarketing.pl\/index.php\/wp-json\/wp\/v2\/comments?post=3"}],"version-history":[{"count":1,"href":"https:\/\/xdigitalmarketing.pl\/index.php\/wp-json\/wp\/v2\/pages\/3\/revisions"}],"predecessor-version":[{"id":488,"href":"https:\/\/xdigitalmarketing.pl\/index.php\/wp-json\/wp\/v2\/pages\/3\/revisions\/488"}],"wp:attachment":[{"href":"https:\/\/xdigitalmarketing.pl\/index.php\/wp-json\/wp\/v2\/media?parent=3"}],"curies":[{"name":"wp","href":"https:\/\/api.w.org\/{rel}","templated":true}]}}