{"id":14,"date":"2023-07-21T14:45:01","date_gmt":"2023-07-21T12:45:01","guid":{"rendered":"https:\/\/xdigitalmarketing.pl\/?page_id=14"},"modified":"2025-02-02T08:47:48","modified_gmt":"2025-02-02T07:47:48","slug":"o-nas","status":"publish","type":"page","link":"https:\/\/xdigitalmarketing.pl\/index.php\/o-nas\/","title":{"rendered":"O nas"},"content":{"rendered":"\t\t<div data-elementor-type=\"wp-page\" data-elementor-id=\"14\" class=\"elementor elementor-14\">\n\t\t\t\t\t\t<section class=\"elementor-section elementor-top-section elementor-element elementor-element-376cfab elementor-section-height-min-height elementor-section-boxed elementor-section-height-default elementor-section-items-middle\" data-id=\"376cfab\" data-element_type=\"section\">\n\t\t\t\t\t\t\t<div class=\"elementor-background-overlay\"><\/div>\n\t\t\t\t\t\t\t<div class=\"elementor-container elementor-column-gap-default\">\n\t\t\t\t\t<div class=\"elementor-column elementor-col-100 elementor-top-column elementor-element elementor-element-4eeeab83\" data-id=\"4eeeab83\" data-element_type=\"column\">\n\t\t\t<div class=\"elementor-widget-wrap elementor-element-populated\">\n\t\t\t\t\t\t<section class=\"elementor-section elementor-inner-section elementor-element elementor-element-22ade3a5 elementor-section-boxed elementor-section-height-default elementor-section-height-default\" data-id=\"22ade3a5\" data-element_type=\"section\">\n\t\t\t\t\t\t<div class=\"elementor-container elementor-column-gap-default\">\n\t\t\t\t\t<div class=\"elementor-column elementor-col-33 elementor-inner-column elementor-element elementor-element-f45db8\" data-id=\"f45db8\" data-element_type=\"column\">\n\t\t\t<div class=\"elementor-widget-wrap elementor-element-populated\">\n\t\t\t\t\t\t<div class=\"elementor-element elementor-element-32767143 elementor-widget-divider--view-line elementor-widget elementor-widget-divider\" data-id=\"32767143\" data-element_type=\"widget\" data-widget_type=\"divider.default\">\n\t\t\t\t<div class=\"elementor-widget-container\">\n\t\t\t<style>\/*! elementor - v3.23.0 - 05-08-2024 *\/\n.elementor-widget-divider{--divider-border-style:none;--divider-border-width:1px;--divider-color:#0c0d0e;--divider-icon-size:20px;--divider-element-spacing:10px;--divider-pattern-height:24px;--divider-pattern-size:20px;--divider-pattern-url:none;--divider-pattern-repeat:repeat-x}.elementor-widget-divider .elementor-divider{display:flex}.elementor-widget-divider .elementor-divider__text{font-size:15px;line-height:1;max-width:95%}.elementor-widget-divider .elementor-divider__element{margin:0 var(--divider-element-spacing);flex-shrink:0}.elementor-widget-divider .elementor-icon{font-size:var(--divider-icon-size)}.elementor-widget-divider .elementor-divider-separator{display:flex;margin:0;direction:ltr}.elementor-widget-divider--view-line_icon .elementor-divider-separator,.elementor-widget-divider--view-line_text .elementor-divider-separator{align-items:center}.elementor-widget-divider--view-line_icon .elementor-divider-separator:after,.elementor-widget-divider--view-line_icon .elementor-divider-separator:before,.elementor-widget-divider--view-line_text .elementor-divider-separator:after,.elementor-widget-divider--view-line_text .elementor-divider-separator:before{display:block;content:\"\";border-block-end:0;flex-grow:1;border-block-start:var(--divider-border-width) var(--divider-border-style) var(--divider-color)}.elementor-widget-divider--element-align-left .elementor-divider .elementor-divider-separator>.elementor-divider__svg:first-of-type{flex-grow:0;flex-shrink:100}.elementor-widget-divider--element-align-left .elementor-divider-separator:before{content:none}.elementor-widget-divider--element-align-left .elementor-divider__element{margin-left:0}.elementor-widget-divider--element-align-right .elementor-divider .elementor-divider-separator>.elementor-divider__svg:last-of-type{flex-grow:0;flex-shrink:100}.elementor-widget-divider--element-align-right .elementor-divider-separator:after{content:none}.elementor-widget-divider--element-align-right .elementor-divider__element{margin-right:0}.elementor-widget-divider--element-align-start .elementor-divider .elementor-divider-separator>.elementor-divider__svg:first-of-type{flex-grow:0;flex-shrink:100}.elementor-widget-divider--element-align-start .elementor-divider-separator:before{content:none}.elementor-widget-divider--element-align-start .elementor-divider__element{margin-inline-start:0}.elementor-widget-divider--element-align-end .elementor-divider .elementor-divider-separator>.elementor-divider__svg:last-of-type{flex-grow:0;flex-shrink:100}.elementor-widget-divider--element-align-end .elementor-divider-separator:after{content:none}.elementor-widget-divider--element-align-end .elementor-divider__element{margin-inline-end:0}.elementor-widget-divider:not(.elementor-widget-divider--view-line_text):not(.elementor-widget-divider--view-line_icon) .elementor-divider-separator{border-block-start:var(--divider-border-width) var(--divider-border-style) var(--divider-color)}.elementor-widget-divider--separator-type-pattern{--divider-border-style:none}.elementor-widget-divider--separator-type-pattern.elementor-widget-divider--view-line .elementor-divider-separator,.elementor-widget-divider--separator-type-pattern:not(.elementor-widget-divider--view-line) .elementor-divider-separator:after,.elementor-widget-divider--separator-type-pattern:not(.elementor-widget-divider--view-line) .elementor-divider-separator:before,.elementor-widget-divider--separator-type-pattern:not([class*=elementor-widget-divider--view]) .elementor-divider-separator{width:100%;min-height:var(--divider-pattern-height);-webkit-mask-size:var(--divider-pattern-size) 100%;mask-size:var(--divider-pattern-size) 100%;-webkit-mask-repeat:var(--divider-pattern-repeat);mask-repeat:var(--divider-pattern-repeat);background-color:var(--divider-color);-webkit-mask-image:var(--divider-pattern-url);mask-image:var(--divider-pattern-url)}.elementor-widget-divider--no-spacing{--divider-pattern-size:auto}.elementor-widget-divider--bg-round{--divider-pattern-repeat:round}.rtl .elementor-widget-divider .elementor-divider__text{direction:rtl}.e-con-inner>.elementor-widget-divider,.e-con>.elementor-widget-divider{width:var(--container-widget-width,100%);--flex-grow:var(--container-widget-flex-grow)}<\/style>\t\t<div class=\"elementor-divider\">\n\t\t\t<span class=\"elementor-divider-separator\">\n\t\t\t\t\t\t<\/span>\n\t\t<\/div>\n\t\t\t\t<\/div>\n\t\t\t\t<\/div>\n\t\t\t\t\t<\/div>\n\t\t<\/div>\n\t\t\t\t<div class=\"elementor-column elementor-col-33 elementor-inner-column elementor-element elementor-element-17a1d8c\" data-id=\"17a1d8c\" data-element_type=\"column\">\n\t\t\t<div class=\"elementor-widget-wrap elementor-element-populated\">\n\t\t\t\t\t\t<div class=\"elementor-element elementor-element-6e50364f elementor-widget elementor-widget-heading\" data-id=\"6e50364f\" data-element_type=\"widget\" data-widget_type=\"heading.default\">\n\t\t\t\t<div class=\"elementor-widget-container\">\n\t\t\t<style>\/*! elementor - v3.23.0 - 05-08-2024 *\/\n.elementor-heading-title{padding:0;margin:0;line-height:1}.elementor-widget-heading .elementor-heading-title[class*=elementor-size-]>a{color:inherit;font-size:inherit;line-height:inherit}.elementor-widget-heading .elementor-heading-title.elementor-size-small{font-size:15px}.elementor-widget-heading .elementor-heading-title.elementor-size-medium{font-size:19px}.elementor-widget-heading .elementor-heading-title.elementor-size-large{font-size:29px}.elementor-widget-heading .elementor-heading-title.elementor-size-xl{font-size:39px}.elementor-widget-heading .elementor-heading-title.elementor-size-xxl{font-size:59px}<\/style><h3 class=\"elementor-heading-title elementor-size-default\"><h2 data-elementor-setting-key=\"title\" data-pen-placeholder=\"Pisz tutaj...\" style=\"font-variant-ligatures: normal; font-variant-caps: normal; line-height: 1.3em; font-size: 3em; font-style: normal; font-weight: var( --e-global-typography-primary-font-weight ); text-transform: none;\"><span style=\"color: rgb(255, 255, 255); font-family: Quicksand, sans-serif; font-size: 18px; font-weight: var( --e-global-typography-primary-font-weight ); text-transform: uppercase;\">O nas<\/span><span style=\"color: rgb(255, 255, 255); font-family: Quicksand, sans-serif; font-size: 18px; font-weight: var( --e-global-typography-primary-font-weight ); text-transform: uppercase;\"><\/span><\/h2><\/h3>\t\t<\/div>\n\t\t\t\t<\/div>\n\t\t\t\t\t<\/div>\n\t\t<\/div>\n\t\t\t\t<div class=\"elementor-column elementor-col-33 elementor-inner-column elementor-element elementor-element-43a9fdd6\" data-id=\"43a9fdd6\" data-element_type=\"column\">\n\t\t\t<div class=\"elementor-widget-wrap elementor-element-populated\">\n\t\t\t\t\t\t<div class=\"elementor-element elementor-element-210627f4 elementor-widget-divider--view-line elementor-widget elementor-widget-divider\" data-id=\"210627f4\" data-element_type=\"widget\" data-widget_type=\"divider.default\">\n\t\t\t\t<div class=\"elementor-widget-container\">\n\t\t\t\t\t<div class=\"elementor-divider\">\n\t\t\t<span class=\"elementor-divider-separator\">\n\t\t\t\t\t\t<\/span>\n\t\t<\/div>\n\t\t\t\t<\/div>\n\t\t\t\t<\/div>\n\t\t\t\t\t<\/div>\n\t\t<\/div>\n\t\t\t\t\t<\/div>\n\t\t<\/section>\n\t\t\t\t<div class=\"elementor-element elementor-element-1b51084d elementor-widget elementor-widget-heading\" data-id=\"1b51084d\" data-element_type=\"widget\" data-widget_type=\"heading.default\">\n\t\t\t\t<div class=\"elementor-widget-container\">\n\t\t\t<h2 class=\"elementor-heading-title elementor-size-default\">Nasza historia<\/h2>\t\t<\/div>\n\t\t\t\t<\/div>\n\t\t\t\t<section class=\"elementor-section elementor-inner-section elementor-element elementor-element-4e60985d elementor-section-boxed elementor-section-height-default elementor-section-height-default\" data-id=\"4e60985d\" data-element_type=\"section\">\n\t\t\t\t\t\t<div class=\"elementor-container elementor-column-gap-default\">\n\t\t\t\t\t<div class=\"elementor-column elementor-col-50 elementor-inner-column elementor-element elementor-element-3e26db71\" data-id=\"3e26db71\" data-element_type=\"column\">\n\t\t\t<div class=\"elementor-widget-wrap elementor-element-populated\">\n\t\t\t\t\t\t<div class=\"elementor-element elementor-element-343482ef elementor-widget elementor-widget-image\" data-id=\"343482ef\" data-element_type=\"widget\" data-widget_type=\"image.default\">\n\t\t\t\t<div class=\"elementor-widget-container\">\n\t\t\t<style>\/*! elementor - v3.23.0 - 05-08-2024 *\/\n.elementor-widget-image{text-align:center}.elementor-widget-image a{display:inline-block}.elementor-widget-image a img[src$=\".svg\"]{width:48px}.elementor-widget-image img{vertical-align:middle;display:inline-block}<\/style>\t\t\t\t\t\t\t\t\t\t<img fetchpriority=\"high\" decoding=\"async\" width=\"418\" height=\"597\" src=\"https:\/\/xdigitalmarketing.pl\/wp-content\/uploads\/2023\/07\/1.png\" class=\"elementor-animation-hang attachment-large size-large wp-image-396\" alt=\"\" srcset=\"https:\/\/xdigitalmarketing.pl\/wp-content\/uploads\/2023\/07\/1.png 418w, https:\/\/xdigitalmarketing.pl\/wp-content\/uploads\/2023\/07\/1-210x300.png 210w\" sizes=\"(max-width: 418px) 100vw, 418px\" \/>\t\t\t\t\t\t\t\t\t\t\t\t\t<\/div>\n\t\t\t\t<\/div>\n\t\t\t\t\t<\/div>\n\t\t<\/div>\n\t\t\t\t<div class=\"elementor-column elementor-col-50 elementor-inner-column elementor-element elementor-element-684b8345\" data-id=\"684b8345\" data-element_type=\"column\" data-settings=\"{&quot;background_background&quot;:&quot;classic&quot;}\">\n\t\t\t<div class=\"elementor-widget-wrap elementor-element-populated\">\n\t\t\t\t\t\t<div class=\"elementor-element elementor-element-2296d0bf elementor-widget elementor-widget-heading\" data-id=\"2296d0bf\" data-element_type=\"widget\" data-widget_type=\"heading.default\">\n\t\t\t\t<div class=\"elementor-widget-container\">\n\t\t\t<h3 class=\"elementor-heading-title elementor-size-default\">Adrian<\/h3>\t\t<\/div>\n\t\t\t\t<\/div>\n\t\t\t\t<div class=\"elementor-element elementor-element-9e14fcc elementor-widget elementor-widget-text-editor\" data-id=\"9e14fcc\" data-element_type=\"widget\" data-widget_type=\"text-editor.default\">\n\t\t\t\t<div class=\"elementor-widget-container\">\n\t\t\t<style>\/*! elementor - v3.23.0 - 05-08-2024 *\/\n.elementor-widget-text-editor.elementor-drop-cap-view-stacked .elementor-drop-cap{background-color:#69727d;color:#fff}.elementor-widget-text-editor.elementor-drop-cap-view-framed .elementor-drop-cap{color:#69727d;border:3px solid;background-color:transparent}.elementor-widget-text-editor:not(.elementor-drop-cap-view-default) .elementor-drop-cap{margin-top:8px}.elementor-widget-text-editor:not(.elementor-drop-cap-view-default) .elementor-drop-cap-letter{width:1em;height:1em}.elementor-widget-text-editor .elementor-drop-cap{float:left;text-align:center;line-height:1;font-size:50px}.elementor-widget-text-editor .elementor-drop-cap-letter{display:inline-block}<\/style>\t\t\t\t<p>Ponad 5 lat do\u015bwiadczenia w tworzeniu kampanii Google Ads dla klient\u00f3w. Prowadzi\u0142em kampanie dla ponad 250 klient\u00f3w. Posiadam do\u015bwiadczenie w obs\u0142udze kampanii dla klient\u00f3w z bud\u017cetami powy\u017cej 1 miliona z\u0142otych miesi\u0119cznie. Oko\u0142o trzech lat sp\u0119dzi\u0142em w agencjach marketingowych. Natomiast rok pracowa\u0142em w du\u017cych sklepach internetowych: Erli.pl oraz Skiddou.com. Od pocz\u0105tku 2023 roku dzia\u0142am jako freelancer Google Ads. R\u00f3wnie\u017c jestem absolwentem studi\u00f3w kierunku &#8220;Marketing Internetowy&#8221;.<\/p>\t\t\t\t\t\t<\/div>\n\t\t\t\t<\/div>\n\t\t\t\t\t<\/div>\n\t\t<\/div>\n\t\t\t\t\t<\/div>\n\t\t<\/section>\n\t\t\t\t\t<\/div>\n\t\t<\/div>\n\t\t\t\t\t<\/div>\n\t\t<\/section>\n\t\t\t\t<section class=\"elementor-section elementor-top-section elementor-element elementor-element-746680f elementor-section-boxed elementor-section-height-default elementor-section-height-default\" data-id=\"746680f\" data-element_type=\"section\">\n\t\t\t\t\t\t<div class=\"elementor-container elementor-column-gap-default\">\n\t\t\t\t\t<div class=\"elementor-column elementor-col-100 elementor-top-column elementor-element elementor-element-c96f4d3\" data-id=\"c96f4d3\" data-element_type=\"column\">\n\t\t\t<div class=\"elementor-widget-wrap elementor-element-populated\">\n\t\t\t\t\t\t<div class=\"elementor-element elementor-element-f067704 elementor-widget elementor-widget-heading\" data-id=\"f067704\" data-element_type=\"widget\" data-widget_type=\"heading.default\">\n\t\t\t\t<div class=\"elementor-widget-container\">\n\t\t\t<h2 class=\"elementor-heading-title elementor-size-default\">Nasza Misja<\/h2>\t\t<\/div>\n\t\t\t\t<\/div>\n\t\t\t\t\t<\/div>\n\t\t<\/div>\n\t\t\t\t\t<\/div>\n\t\t<\/section>\n\t\t\t\t<section class=\"elementor-section elementor-top-section elementor-element elementor-element-bcbef31 elementor-section-boxed elementor-section-height-default elementor-section-height-default\" data-id=\"bcbef31\" data-element_type=\"section\">\n\t\t\t\t\t\t<div class=\"elementor-container elementor-column-gap-default\">\n\t\t\t\t\t<div class=\"elementor-column elementor-col-100 elementor-top-column elementor-element elementor-element-9ed7f9a\" data-id=\"9ed7f9a\" data-element_type=\"column\">\n\t\t\t<div class=\"elementor-widget-wrap elementor-element-populated\">\n\t\t\t\t\t\t<div class=\"elementor-element elementor-element-d272a53 elementor-widget elementor-widget-text-editor\" data-id=\"d272a53\" data-element_type=\"widget\" data-widget_type=\"text-editor.default\">\n\t\t\t\t<div class=\"elementor-widget-container\">\n\t\t\t\t\t\t\t<p><\/p>\n<div><span style=\"font-size: 16px;\">Jeste\u015bmy zespo\u0142em pasjonat\u00f3w, kt\u00f3rzy za\u0142o\u017cyli t\u0119 firm\u0119 z jednym wsp\u00f3lnym celem &#8211; zapewnienie najlepszych rozwi\u0105za\u0144 dla naszych klient\u00f3w. Nasza misja skupia si\u0119 na kilku kluczowych warto\u015bciach, kt\u00f3re s\u0105 fundamentem naszej dzia\u0142alno\u015bci.<\/span><br><\/div>\n<div><span style=\"font-size: 16px;\"><br><\/span><\/div>\n<p><b>Najwa\u017cniejszy jest dla nas klient<\/b><\/p>\n<p>Ka\u017cdy klient, kt\u00f3ry nam zaufa, staje si\u0119 priorytetem naszych dzia\u0142a\u0144. Nasza firma powsta\u0142a z my\u015bl\u0105 o \u015bwiadczeniu us\u0142ug na najwy\u017cszym poziomie, dostosowanych do indywidualnych potrzeb ka\u017cdego klienta. To dla naszych Klient\u00f3w ci\u0119\u017cko pracujemy i d\u0105\u017cymy do tego, aby przekracza\u0107 ich oczekiwania.<\/p>\n<p><strong>Skupiamy si\u0119 na wynikach kampanii<\/strong><\/p>\n<p>Wierzymy w pot\u0119g\u0119 efektywnych strategii i kampanii. Nasz zesp\u00f3\u0142 skupia si\u0119 na osi\u0105ganiu realnych i mierzalnych wynik\u00f3w. Nieustannie analizujemy dane, wyci\u0105gamy wnioski i doskonalimy nasze podej\u015bcie, aby zapewni\u0107 sukces naszym Klientom. Dla nas nie ma rzeczy niemo\u017cliwych &#8211; zawsze szukamy nowych, innowacyjnych i skutecznych rozwi\u0105za\u0144.<\/p>\n<p><strong>Pozytywna i bezpo\u015brednia relacja z klientem<\/strong><\/p>\n<p>Zale\u017cy nam na tym, aby wsp\u00f3\u0142praca z nami by\u0142a nie tylko efektywna, ale r\u00f3wnie\u017c przyjemna. Dlatego stawiamy na pozytywne i bezpo\u015brednie relacje z naszymi Klientami. Chcemy, aby ka\u017cdy Klient czu\u0142 si\u0119 komfortowo i swobodnie, dziel\u0105c z nami swoimi celami i oczekiwaniami. Zawsze jeste\u015bmy gotowi do wys\u0142uchania, doradzenia i odpowiedzenia na wszelkie pytania.<\/p>\n<p><strong>Cenimy sobie szczero\u015b\u0107<\/strong><\/p>\n<p>W biznesie, jak i w \u017cyciu, szczero\u015b\u0107 jest kluczow\u0105 warto\u015bci\u0105. Dlatego stawiamy na otwarto\u015b\u0107 i uczciwo\u015b\u0107 we wszystkich naszych dzia\u0142aniach. Jeste\u015bmy gotowi przyzna\u0107 si\u0119 do b\u0142\u0119d\u00f3w i podejmowa\u0107 odpowiednie dzia\u0142ania w celu ich naprawienia. Wierzymy, \u017ce szczerze dzielone informacje s\u0105 fundamentem zaufania i buduj\u0105 trwa\u0142e relacje z naszymi Klientami.<\/p>\n<p>Dzi\u0119ki zaufaniu naszych Klient\u00f3w i zaanga\u017cowaniu naszego zespo\u0142u, realizujemy nasz\u0105 misj\u0119 z pe\u0142nym oddaniem. Stawiamy sobie za cel nie tylko dostarczanie us\u0142ug, ale r\u00f3wnie\u017c budowanie d\u0142ugoterminowych relacji opartych na wzajemnym szacunku i korzy\u015bciach. Je\u015bli szukasz partnera, kt\u00f3ry b\u0119dzie z tob\u0105 aktywnie wsp\u00f3\u0142pracowa\u0142, dbaj\u0105c o Twoje cele i wyniki, to w\u0142a\u015bnie znalaz\u0142e\u015b w\u0142a\u015bciwe miejsce!<\/p>\n<p>Zapraszamy do wsp\u00f3\u0142pracy i poznania nas bli\u017cej. Razem mo\u017cemy osi\u0105gn\u0105\u0107 wielkie rzeczy!<\/p>\t\t\t\t\t\t<\/div>\n\t\t\t\t<\/div>\n\t\t\t\t\t<\/div>\n\t\t<\/div>\n\t\t\t\t\t<\/div>\n\t\t<\/section>\n\t\t\t\t<\/div>\n\t\t","protected":false},"excerpt":{"rendered":"<p>O nas Nasza historia Adrian Ponad 5 lat do\u015bwiadczenia w tworzeniu kampanii Google Ads dla klient\u00f3w. Prowadzi\u0142em kampanie dla ponad 250 klient\u00f3w. Posiadam do\u015bwiadczenie w obs\u0142udze kampanii dla klient\u00f3w z bud\u017cetami powy\u017cej 1 miliona z\u0142otych miesi\u0119cznie. Oko\u0142o trzech lat sp\u0119dzi\u0142em w agencjach marketingowych. Natomiast rok pracowa\u0142em w du\u017cych sklepach internetowych: Erli.pl oraz Skiddou.com. Od pocz\u0105tku [&hellip;]<\/p>\n","protected":false},"author":1,"featured_media":0,"parent":0,"menu_order":0,"comment_status":"closed","ping_status":"closed","template":"","meta":{"ocean_post_layout":"full-screen","ocean_both_sidebars_style":"","ocean_both_sidebars_content_width":0,"ocean_both_sidebars_sidebars_width":0,"ocean_sidebar":"0","ocean_second_sidebar":"0","ocean_disable_margins":"enable","ocean_add_body_class":"","ocean_shortcode_before_top_bar":"","ocean_shortcode_after_top_bar":"","ocean_shortcode_before_header":"","ocean_shortcode_after_header":"","ocean_has_shortcode":"","ocean_shortcode_after_title":"","ocean_shortcode_before_footer_widgets":"","ocean_shortcode_after_footer_widgets":"","ocean_shortcode_before_footer_bottom":"","ocean_shortcode_after_footer_bottom":"","ocean_display_top_bar":"off","ocean_display_header":"default","ocean_header_style":"","ocean_center_header_left_menu":"0","ocean_custom_header_template":"0","ocean_custom_logo":0,"ocean_custom_retina_logo":0,"ocean_custom_logo_max_width":0,"ocean_custom_logo_tablet_max_width":0,"ocean_custom_logo_mobile_max_width":0,"ocean_custom_logo_max_height":0,"ocean_custom_logo_tablet_max_height":0,"ocean_custom_logo_mobile_max_height":0,"ocean_header_custom_menu":"0","ocean_menu_typo_font_family":"0","ocean_menu_typo_font_subset":"","ocean_menu_typo_font_size":0,"ocean_menu_typo_font_size_tablet":0,"ocean_menu_typo_font_size_mobile":0,"ocean_menu_typo_font_size_unit":"px","ocean_menu_typo_font_weight":"","ocean_menu_typo_font_weight_tablet":"","ocean_menu_typo_font_weight_mobile":"","ocean_menu_typo_transform":"","ocean_menu_typo_transform_tablet":"","ocean_menu_typo_transform_mobile":"","ocean_menu_typo_line_height":0,"ocean_menu_typo_line_height_tablet":0,"ocean_menu_typo_line_height_mobile":0,"ocean_menu_typo_line_height_unit":"","ocean_menu_typo_spacing":0,"ocean_menu_typo_spacing_tablet":0,"ocean_menu_typo_spacing_mobile":0,"ocean_menu_typo_spacing_unit":"","ocean_menu_link_color":"","ocean_menu_link_color_hover":"","ocean_menu_link_color_active":"","ocean_menu_link_background":"","ocean_menu_link_hover_background":"","ocean_menu_link_active_background":"","ocean_menu_social_links_bg":"","ocean_menu_social_hover_links_bg":"","ocean_menu_social_links_color":"","ocean_menu_social_hover_links_color":"","ocean_disable_title":"on","ocean_disable_heading":"default","ocean_post_title":"","ocean_post_subheading":"","ocean_post_title_style":"","ocean_post_title_background_color":"","ocean_post_title_background":0,"ocean_post_title_bg_image_position":"","ocean_post_title_bg_image_attachment":"","ocean_post_title_bg_image_repeat":"","ocean_post_title_bg_image_size":"","ocean_post_title_height":0,"ocean_post_title_bg_overlay":0.5,"ocean_post_title_bg_overlay_color":"","ocean_disable_breadcrumbs":"default","ocean_breadcrumbs_color":"","ocean_breadcrumbs_separator_color":"","ocean_breadcrumbs_links_color":"","ocean_breadcrumbs_links_hover_color":"","ocean_display_footer_widgets":"off","ocean_display_footer_bottom":"off","ocean_custom_footer_template":"0"},"_links":{"self":[{"href":"https:\/\/xdigitalmarketing.pl\/index.php\/wp-json\/wp\/v2\/pages\/14"}],"collection":[{"href":"https:\/\/xdigitalmarketing.pl\/index.php\/wp-json\/wp\/v2\/pages"}],"about":[{"href":"https:\/\/xdigitalmarketing.pl\/index.php\/wp-json\/wp\/v2\/types\/page"}],"author":[{"embeddable":true,"href":"https:\/\/xdigitalmarketing.pl\/index.php\/wp-json\/wp\/v2\/users\/1"}],"replies":[{"embeddable":true,"href":"https:\/\/xdigitalmarketing.pl\/index.php\/wp-json\/wp\/v2\/comments?post=14"}],"version-history":[{"count":61,"href":"https:\/\/xdigitalmarketing.pl\/index.php\/wp-json\/wp\/v2\/pages\/14\/revisions"}],"predecessor-version":[{"id":468,"href":"https:\/\/xdigitalmarketing.pl\/index.php\/wp-json\/wp\/v2\/pages\/14\/revisions\/468"}],"wp:attachment":[{"href":"https:\/\/xdigitalmarketing.pl\/index.php\/wp-json\/wp\/v2\/media?parent=14"}],"curies":[{"name":"wp","href":"https:\/\/api.w.org\/{rel}","templated":true}]}}